
{"id":451,"date":"2023-07-02T17:48:16","date_gmt":"2023-07-02T17:48:16","guid":{"rendered":"https:\/\/novkabel.rs\/?page_id=451"},"modified":"2023-07-15T20:01:29","modified_gmt":"2023-07-15T20:01:29","slug":"poslovne-zgrade","status":"publish","type":"page","link":"https:\/\/novkabel.rs\/sr\/poslovne-zgrade\/","title":{"rendered":"Poslovne zgrade"},"content":{"rendered":"<div data-elementor-type=\"wp-page\" data-elementor-id=\"451\" class=\"elementor elementor-451\">\n\t\t\t\t\t\t<section class=\"elementor-section elementor-top-section elementor-element elementor-element-8f1c11d elementor-section-boxed elementor-section-height-default elementor-section-height-default\" data-id=\"8f1c11d\" data-element_type=\"section\" data-e-type=\"section\">\n\t\t\t\t\t\t<div class=\"elementor-container elementor-column-gap-default\">\n\t\t\t\t\t<div class=\"elementor-column elementor-col-100 elementor-top-column elementor-element elementor-element-46065e1\" data-id=\"46065e1\" data-element_type=\"column\" data-e-type=\"column\">\n\t\t\t<div class=\"elementor-widget-wrap elementor-element-populated\">\n\t\t\t\t\t\t<div class=\"elementor-element elementor-element-c4d2320 elementor-widget elementor-widget-text-editor\" data-id=\"c4d2320\" data-element_type=\"widget\" data-e-type=\"widget\" data-widget_type=\"text-editor.default\">\n\t\t\t\t<div class=\"elementor-widget-container\">\n\t\t\t\t\t\t\t\t\t<p>Predvi\u0111ena je gradnja dva administrativna objekta sa kancelarijskim poslovanjem spratnosti P+8 \u2013 jedan na severnom delu parcele (lamele A i B), i drugi objekat (lamela C) u ju\u017enom delu parcele. Parcela je povr\u0161ine 14708m<sup>2<\/sup>.<\/p><p>Objekti su u odvojeni i nezavisni jedan od drugog u fizi\u010dkom, funkcionalnom i konstruktivnom smislu.<\/p>\t\t\t\t\t\t\t\t<\/div>\n\t\t\t\t<\/div>\n\t\t\t\t\t<\/div>\n\t\t<\/div>\n\t\t\t\t\t<\/div>\n\t\t<\/section>\n\t\t\t\t<section class=\"elementor-section elementor-top-section elementor-element elementor-element-79e33b3 elementor-section-boxed elementor-section-height-default elementor-section-height-default\" data-id=\"79e33b3\" data-element_type=\"section\" data-e-type=\"section\">\n\t\t\t\t\t\t<div class=\"elementor-container elementor-column-gap-default\">\n\t\t\t\t\t<div class=\"elementor-column elementor-col-100 elementor-top-column elementor-element elementor-element-bc4af33\" data-id=\"bc4af33\" data-element_type=\"column\" data-e-type=\"column\">\n\t\t\t<div class=\"elementor-widget-wrap elementor-element-populated\">\n\t\t\t\t\t\t<div class=\"elementor-element elementor-element-37c6883 elementor-widget elementor-widget-image-carousel\" data-id=\"37c6883\" data-element_type=\"widget\" data-e-type=\"widget\" data-settings=\"{&quot;slides_to_show&quot;:&quot;1&quot;,&quot;navigation&quot;:&quot;none&quot;,&quot;autoplay&quot;:&quot;yes&quot;,&quot;pause_on_hover&quot;:&quot;yes&quot;,&quot;pause_on_interaction&quot;:&quot;yes&quot;,&quot;autoplay_speed&quot;:5000,&quot;infinite&quot;:&quot;yes&quot;,&quot;effect&quot;:&quot;slide&quot;,&quot;speed&quot;:500}\" data-widget_type=\"image-carousel.default\">\n\t\t\t\t<div class=\"elementor-widget-container\">\n\t\t\t\t\t\t\t<div class=\"elementor-image-carousel-wrapper swiper\" role=\"region\" aria-roledescription=\"carousel\" aria-label=\"\u0412\u0440\u0442\u0435\u0448\u043a\u0430 \u0441\u043b\u0438\u043a\u0430\" dir=\"ltr\">\n\t\t\t<div class=\"elementor-image-carousel swiper-wrapper\" aria-live=\"off\">\n\t\t\t\t\t\t\t\t<div class=\"swiper-slide\" role=\"group\" aria-roledescription=\"slide\" aria-label=\"1 of 13\" data-no-translation-aria-label=\"\"><figure class=\"swiper-slide-inner\"><img class=\"swiper-slide-image\" data-src=\"https:\/\/novkabel.rs\/wp-content\/uploads\/2023\/07\/poslovne-zgrade-2.jpg\" alt=\"poslovne zgrade 2\" \/><\/figure><\/div><div class=\"swiper-slide\" role=\"group\" aria-roledescription=\"slide\" aria-label=\"2 of 13\" data-no-translation-aria-label=\"\"><figure class=\"swiper-slide-inner\"><img class=\"swiper-slide-image\" data-src=\"https:\/\/novkabel.rs\/wp-content\/uploads\/2023\/07\/poslovne-zgrade-1.jpg\" alt=\"poslovne zgrade 1\" \/><\/figure><\/div><div class=\"swiper-slide\" role=\"group\" aria-roledescription=\"slide\" aria-label=\"3 of 13\" data-no-translation-aria-label=\"\"><figure class=\"swiper-slide-inner\"><img class=\"swiper-slide-image\" data-src=\"https:\/\/novkabel.rs\/wp-content\/uploads\/2023\/07\/poslovne-zgrade-3.jpg\" alt=\"poslovne zgrade 3\" \/><\/figure><\/div><div class=\"swiper-slide\" role=\"group\" aria-roledescription=\"slide\" aria-label=\"4 of 13\" data-no-translation-aria-label=\"\"><figure class=\"swiper-slide-inner\"><img class=\"swiper-slide-image\" data-src=\"https:\/\/novkabel.rs\/wp-content\/uploads\/2023\/07\/poslovne-zgrade-4.jpg\" alt=\"poslovne zgrade 4\" \/><\/figure><\/div><div class=\"swiper-slide\" role=\"group\" aria-roledescription=\"slide\" aria-label=\"5 of 13\" data-no-translation-aria-label=\"\"><figure class=\"swiper-slide-inner\"><img class=\"swiper-slide-image\" data-src=\"https:\/\/novkabel.rs\/wp-content\/uploads\/2023\/07\/poslovne-zgrade-5.jpg\" alt=\"poslovne zgrade 5\" \/><\/figure><\/div><div class=\"swiper-slide\" role=\"group\" aria-roledescription=\"slide\" aria-label=\"6 of 13\" data-no-translation-aria-label=\"\"><figure class=\"swiper-slide-inner\"><img class=\"swiper-slide-image\" data-src=\"https:\/\/novkabel.rs\/wp-content\/uploads\/2023\/07\/poslovne-zgrade-6.jpg\" alt=\"poslovne zgrade 6\" \/><\/figure><\/div><div class=\"swiper-slide\" role=\"group\" aria-roledescription=\"slide\" aria-label=\"7 of 13\" data-no-translation-aria-label=\"\"><figure class=\"swiper-slide-inner\"><img class=\"swiper-slide-image\" data-src=\"https:\/\/novkabel.rs\/wp-content\/uploads\/2023\/07\/poslovne-zgrade-7.jpg\" alt=\"poslovne zgrade 7\" \/><\/figure><\/div><div class=\"swiper-slide\" role=\"group\" aria-roledescription=\"slide\" aria-label=\"8 of 13\" data-no-translation-aria-label=\"\"><figure class=\"swiper-slide-inner\"><img class=\"swiper-slide-image\" data-src=\"https:\/\/novkabel.rs\/wp-content\/uploads\/2023\/07\/poslovne-zgrade-8.jpg\" alt=\"poslovne zgrade 8\" \/><\/figure><\/div><div class=\"swiper-slide\" role=\"group\" aria-roledescription=\"slide\" aria-label=\"9 of 13\" data-no-translation-aria-label=\"\"><figure class=\"swiper-slide-inner\"><img class=\"swiper-slide-image\" data-src=\"https:\/\/novkabel.rs\/wp-content\/uploads\/2023\/07\/poslovne-zgrade-9.jpg\" alt=\"poslovne zgrade 9\" \/><\/figure><\/div><div class=\"swiper-slide\" role=\"group\" aria-roledescription=\"slide\" aria-label=\"10 of 13\" data-no-translation-aria-label=\"\"><figure class=\"swiper-slide-inner\"><img class=\"swiper-slide-image\" data-src=\"https:\/\/novkabel.rs\/wp-content\/uploads\/2023\/07\/kule-1.jpg\" alt=\"kule 1\" \/><\/figure><\/div><div class=\"swiper-slide\" role=\"group\" aria-roledescription=\"slide\" aria-label=\"11 of 13\" data-no-translation-aria-label=\"\"><figure class=\"swiper-slide-inner\"><img class=\"swiper-slide-image\" data-src=\"https:\/\/novkabel.rs\/wp-content\/uploads\/2023\/07\/kule-2.jpg\" alt=\"kule 2\" \/><\/figure><\/div><div class=\"swiper-slide\" role=\"group\" aria-roledescription=\"slide\" aria-label=\"12 of 13\" data-no-translation-aria-label=\"\"><figure class=\"swiper-slide-inner\"><img class=\"swiper-slide-image\" data-src=\"https:\/\/novkabel.rs\/wp-content\/uploads\/2023\/07\/kule-3.jpg\" alt=\"kule 3\" \/><\/figure><\/div><div class=\"swiper-slide\" role=\"group\" aria-roledescription=\"slide\" aria-label=\"13 of 13\" data-no-translation-aria-label=\"\"><figure class=\"swiper-slide-inner\"><img class=\"swiper-slide-image\" data-src=\"https:\/\/novkabel.rs\/wp-content\/uploads\/2023\/07\/kule-4.png\" alt=\"kule 4\" \/><\/figure><\/div>\t\t\t<\/div>\n\t\t\t\t\t\t\t\n\t\t\t\t\t\t\t\t\t<\/div>\n\t\t\t\t\t\t<\/div>\n\t\t\t\t<\/div>\n\t\t\t\t\t<\/div>\n\t\t<\/div>\n\t\t\t\t\t<\/div>\n\t\t<\/section>\n\t\t\t\t<section class=\"elementor-section elementor-top-section elementor-element elementor-element-68ac5e6 elementor-section-boxed elementor-section-height-default elementor-section-height-default\" data-id=\"68ac5e6\" data-element_type=\"section\" data-e-type=\"section\">\n\t\t\t\t\t\t<div class=\"elementor-container elementor-column-gap-default\">\n\t\t\t\t\t<div class=\"elementor-column elementor-col-100 elementor-top-column elementor-element elementor-element-b471592\" data-id=\"b471592\" data-element_type=\"column\" data-e-type=\"column\">\n\t\t\t<div class=\"elementor-widget-wrap elementor-element-populated\">\n\t\t\t\t\t\t<div class=\"elementor-element elementor-element-006164b elementor-widget__width-initial elementor-widget elementor-widget-text-editor\" data-id=\"006164b\" data-element_type=\"widget\" data-e-type=\"widget\" data-widget_type=\"text-editor.default\">\n\t\t\t\t<div class=\"elementor-widget-container\">\n\t\t\t\t\t\t\t\t\t<p>Uk. bruto povr\u0161ina = 12697,29 m<sup>2<\/sup><\/p><p>Objekta lamele A+B = 5444,62 m<sup>2<\/sup>\u00a0\u00a0\u00a0\u00a0\u00a0\u00a0\u00a0<\/p><p>Objekta lamele C = 18141,91 m<sup>2<\/sup> \u00a0\u00a0\u00a0\u00a0 <\/p>\t\t\t\t\t\t\t\t<\/div>\n\t\t\t\t<\/div>\n\t\t\t\t<div class=\"elementor-element elementor-element-e316359 elementor-widget__width-initial elementor-widget elementor-widget-text-editor\" data-id=\"e316359\" data-element_type=\"widget\" data-e-type=\"widget\" data-widget_type=\"text-editor.default\">\n\t\t\t\t<div class=\"elementor-widget-container\">\n\t\t\t\t\t\t\t\t\t<p>Uk. neto povr\u0161ina = 11377,49 m<sup>2<\/sup><\/p><p>Objekta lamele A+B <u>= 4896,42 m<sup>2<\/sup><\/u>\u00a0\u00a0\u00a0\u00a0\u00a0\u00a0<\/p><p>Objekta lamele C = 16273,91 m<sup>2<\/sup>\u00a0<\/p>\t\t\t\t\t\t\t\t<\/div>\n\t\t\t\t<\/div>\n\t\t\t\t<div class=\"elementor-element elementor-element-ecce786 elementor-widget__width-initial elementor-widget elementor-widget-text-editor\" data-id=\"ecce786\" data-element_type=\"widget\" data-e-type=\"widget\" data-widget_type=\"text-editor.default\">\n\t\t\t\t<div class=\"elementor-widget-container\">\n\t\t\t\t\t\t\t\t\t<p>Broj realizovanih PM = 223<\/p>\t\t\t\t\t\t\t\t<\/div>\n\t\t\t\t<\/div>\n\t\t\t\t<div class=\"elementor-element elementor-element-21310e8 elementor-align-left elementor-widget__width-initial elementor-widget elementor-widget-button\" data-id=\"21310e8\" data-element_type=\"widget\" data-e-type=\"widget\" data-widget_type=\"button.default\">\n\t\t\t\t<div class=\"elementor-widget-container\">\n\t\t\t\t\t\t\t\t\t<div class=\"elementor-button-wrapper\">\n\t\t\t\t\t<a class=\"elementor-button elementor-button-link elementor-size-sm\" href=\"https:\/\/novkabel.rs\/wp-content\/uploads\/2023\/07\/Prezentacija-KULE.pdf\" target=\"_blank\">\n\t\t\t\t\t\t<span class=\"elementor-button-content-wrapper\">\n\t\t\t\t\t\t\t\t\t<span class=\"elementor-button-text\">SPECIFIKACIJA<\/span>\n\t\t\t\t\t<\/span>\n\t\t\t\t\t<\/a>\n\t\t\t\t<\/div>\n\t\t\t\t\t\t\t\t<\/div>\n\t\t\t\t<\/div>\n\t\t\t\t\t<\/div>\n\t\t<\/div>\n\t\t\t\t\t<\/div>\n\t\t<\/section>\n\t\t\t\t<section class=\"elementor-section elementor-top-section elementor-element elementor-element-68b021f elementor-section-boxed elementor-section-height-default elementor-section-height-default\" data-id=\"68b021f\" data-element_type=\"section\" data-e-type=\"section\">\n\t\t\t\t\t\t<div class=\"elementor-container elementor-column-gap-default\">\n\t\t\t\t\t<div class=\"elementor-column elementor-col-100 elementor-top-column elementor-element elementor-element-358dfd0\" data-id=\"358dfd0\" data-element_type=\"column\" data-e-type=\"column\">\n\t\t\t<div class=\"elementor-widget-wrap\">\n\t\t\t\t\t\t\t<\/div>\n\t\t<\/div>\n\t\t\t\t\t<\/div>\n\t\t<\/section>\n\t\t\t\t<\/div>","protected":false},"excerpt":{"rendered":"<p>Predvi\u0111ena je gradnja dva administrativna objekta sa kancelarijskim poslovanjem spratnosti P+8 \u2013 jedan na severnom delu parcele (lamele A i B), i drugi objekat (lamela C) u ju\u017enom delu parcele. Parcela je povr\u0161ine 14708m2. Objekti su u odvojeni i nezavisni jedan od drugog u fizi\u010dkom, funkcionalnom i konstruktivnom smislu. Uk. bruto povr\u0161ina = 12697,29 m2 <\/p>","protected":false},"author":1,"featured_media":0,"parent":0,"menu_order":0,"comment_status":"closed","ping_status":"closed","template":"","meta":{"footnotes":""},"class_list":["post-451","page","type-page","status-publish","hentry"],"yoast_head":"<!-- This site is optimized with the Yoast SEO plugin v27.5 - https:\/\/yoast.com\/product\/yoast-seo-wordpress\/ -->\n<title>Poslovne zgrade - Novkabel<\/title>\n<meta name=\"robots\" content=\"index, follow, max-snippet:-1, max-image-preview:large, max-video-preview:-1\" \/>\n<link rel=\"canonical\" href=\"https:\/\/novkabel.rs\/sr\/poslovne-zgrade\/\" \/>\n<meta property=\"og:locale\" content=\"sr_RS\" \/>\n<meta property=\"og:type\" content=\"article\" \/>\n<meta property=\"og:title\" content=\"Poslovne zgrade - Novkabel\" \/>\n<meta property=\"og:description\" content=\"Predvi\u0111ena je gradnja dva administrativna objekta sa kancelarijskim poslovanjem spratnosti P+8 \u2013 jedan na severnom delu parcele (lamele A i B), i drugi objekat (lamela C) u ju\u017enom delu parcele. Parcela je povr\u0161ine 14708m2. Objekti su u odvojeni i nezavisni jedan od drugog u fizi\u010dkom, funkcionalnom i konstruktivnom smislu. Uk. bruto povr\u0161ina = 12697,29 m2\" \/>\n<meta property=\"og:url\" content=\"https:\/\/novkabel.rs\/sr\/poslovne-zgrade\/\" \/>\n<meta property=\"og:site_name\" content=\"Novkabel\" \/>\n<meta property=\"article:modified_time\" content=\"2023-07-15T20:01:29+00:00\" \/>\n<meta property=\"og:image\" content=\"https:\/\/novkabel.rs\/wp-content\/uploads\/2023\/07\/poslovne-zgrade-2.jpg\" \/>\n<meta name=\"twitter:card\" content=\"summary_large_image\" \/>\n<script type=\"application\/ld+json\" class=\"yoast-schema-graph\">{\"@context\":\"https:\\\/\\\/schema.org\",\"@graph\":[{\"@type\":\"WebPage\",\"@id\":\"https:\\\/\\\/novkabel.rs\\\/poslovne-zgrade\\\/\",\"url\":\"https:\\\/\\\/novkabel.rs\\\/poslovne-zgrade\\\/\",\"name\":\"Poslovne zgrade - Novkabel\",\"isPartOf\":{\"@id\":\"https:\\\/\\\/novkabel.rs\\\/#website\"},\"primaryImageOfPage\":{\"@id\":\"https:\\\/\\\/novkabel.rs\\\/poslovne-zgrade\\\/#primaryimage\"},\"image\":{\"@id\":\"https:\\\/\\\/novkabel.rs\\\/poslovne-zgrade\\\/#primaryimage\"},\"thumbnailUrl\":\"https:\\\/\\\/novkabel.rs\\\/wp-content\\\/uploads\\\/2023\\\/07\\\/poslovne-zgrade-2.jpg\",\"datePublished\":\"2023-07-02T17:48:16+00:00\",\"dateModified\":\"2023-07-15T20:01:29+00:00\",\"breadcrumb\":{\"@id\":\"https:\\\/\\\/novkabel.rs\\\/poslovne-zgrade\\\/#breadcrumb\"},\"inLanguage\":\"sr-RS\",\"potentialAction\":[{\"@type\":\"ReadAction\",\"target\":[\"https:\\\/\\\/novkabel.rs\\\/poslovne-zgrade\\\/\"]}]},{\"@type\":\"ImageObject\",\"inLanguage\":\"sr-RS\",\"@id\":\"https:\\\/\\\/novkabel.rs\\\/poslovne-zgrade\\\/#primaryimage\",\"url\":\"https:\\\/\\\/novkabel.rs\\\/wp-content\\\/uploads\\\/2023\\\/07\\\/poslovne-zgrade-2.jpg\",\"contentUrl\":\"https:\\\/\\\/novkabel.rs\\\/wp-content\\\/uploads\\\/2023\\\/07\\\/poslovne-zgrade-2.jpg\"},{\"@type\":\"BreadcrumbList\",\"@id\":\"https:\\\/\\\/novkabel.rs\\\/poslovne-zgrade\\\/#breadcrumb\",\"itemListElement\":[{\"@type\":\"ListItem\",\"position\":1,\"name\":\"Home\",\"item\":\"https:\\\/\\\/novkabel.rs\\\/\"},{\"@type\":\"ListItem\",\"position\":2,\"name\":\"Poslovne zgrade\"}]},{\"@type\":\"WebSite\",\"@id\":\"https:\\\/\\\/novkabel.rs\\\/#website\",\"url\":\"https:\\\/\\\/novkabel.rs\\\/\",\"name\":\"Novkabel\",\"description\":\"Bude deo novog biznis okru\u017eenja!\",\"publisher\":{\"@id\":\"https:\\\/\\\/novkabel.rs\\\/#organization\"},\"alternateName\":\"Novkabel Novi Sad\",\"potentialAction\":[{\"@type\":\"SearchAction\",\"target\":{\"@type\":\"EntryPoint\",\"urlTemplate\":\"https:\\\/\\\/novkabel.rs\\\/?s={search_term_string}\"},\"query-input\":{\"@type\":\"PropertyValueSpecification\",\"valueRequired\":true,\"valueName\":\"search_term_string\"}}],\"inLanguage\":\"sr-RS\"},{\"@type\":\"Organization\",\"@id\":\"https:\\\/\\\/novkabel.rs\\\/#organization\",\"name\":\"Novkabel\",\"alternateName\":\"Novkabel Novi Sad\",\"url\":\"https:\\\/\\\/novkabel.rs\\\/\",\"logo\":{\"@type\":\"ImageObject\",\"inLanguage\":\"sr-RS\",\"@id\":\"https:\\\/\\\/novkabel.rs\\\/#\\\/schema\\\/logo\\\/image\\\/\",\"url\":\"https:\\\/\\\/novkabel.rs\\\/wp-content\\\/uploads\\\/2023\\\/07\\\/cropped-favicon.png\",\"contentUrl\":\"https:\\\/\\\/novkabel.rs\\\/wp-content\\\/uploads\\\/2023\\\/07\\\/cropped-favicon.png\",\"width\":512,\"height\":512,\"caption\":\"Novkabel\"},\"image\":{\"@id\":\"https:\\\/\\\/novkabel.rs\\\/#\\\/schema\\\/logo\\\/image\\\/\"}}]}<\/script>\n<!-- \/ Yoast SEO plugin. -->","yoast_head_json":{"title":"Poslovne zgrade - Novkabel","robots":{"index":"index","follow":"follow","max-snippet":"max-snippet:-1","max-image-preview":"max-image-preview:large","max-video-preview":"max-video-preview:-1"},"canonical":"https:\/\/novkabel.rs\/sr\/poslovne-zgrade\/","og_locale":"sr_RS","og_type":"article","og_title":"Poslovne zgrade - Novkabel","og_description":"Predvi\u0111ena je gradnja dva administrativna objekta sa kancelarijskim poslovanjem spratnosti P+8 \u2013 jedan na severnom delu parcele (lamele A i B), i drugi objekat (lamela C) u ju\u017enom delu parcele. Parcela je povr\u0161ine 14708m2. Objekti su u odvojeni i nezavisni jedan od drugog u fizi\u010dkom, funkcionalnom i konstruktivnom smislu. Uk. bruto povr\u0161ina = 12697,29 m2","og_url":"https:\/\/novkabel.rs\/sr\/poslovne-zgrade\/","og_site_name":"Novkabel","article_modified_time":"2023-07-15T20:01:29+00:00","og_image":[{"url":"https:\/\/novkabel.rs\/wp-content\/uploads\/2023\/07\/poslovne-zgrade-2.jpg","type":"","width":"","height":""}],"twitter_card":"summary_large_image","schema":{"@context":"https:\/\/schema.org","@graph":[{"@type":"WebPage","@id":"https:\/\/novkabel.rs\/poslovne-zgrade\/","url":"https:\/\/novkabel.rs\/poslovne-zgrade\/","name":"Poslovne zgrade - Novkabel","isPartOf":{"@id":"https:\/\/novkabel.rs\/#website"},"primaryImageOfPage":{"@id":"https:\/\/novkabel.rs\/poslovne-zgrade\/#primaryimage"},"image":{"@id":"https:\/\/novkabel.rs\/poslovne-zgrade\/#primaryimage"},"thumbnailUrl":"https:\/\/novkabel.rs\/wp-content\/uploads\/2023\/07\/poslovne-zgrade-2.jpg","datePublished":"2023-07-02T17:48:16+00:00","dateModified":"2023-07-15T20:01:29+00:00","breadcrumb":{"@id":"https:\/\/novkabel.rs\/poslovne-zgrade\/#breadcrumb"},"inLanguage":"sr-RS","potentialAction":[{"@type":"ReadAction","target":["https:\/\/novkabel.rs\/poslovne-zgrade\/"]}]},{"@type":"ImageObject","inLanguage":"sr-RS","@id":"https:\/\/novkabel.rs\/poslovne-zgrade\/#primaryimage","url":"https:\/\/novkabel.rs\/wp-content\/uploads\/2023\/07\/poslovne-zgrade-2.jpg","contentUrl":"https:\/\/novkabel.rs\/wp-content\/uploads\/2023\/07\/poslovne-zgrade-2.jpg"},{"@type":"BreadcrumbList","@id":"https:\/\/novkabel.rs\/poslovne-zgrade\/#breadcrumb","itemListElement":[{"@type":"ListItem","position":1,"name":"Home","item":"https:\/\/novkabel.rs\/"},{"@type":"ListItem","position":2,"name":"Poslovne zgrade"}]},{"@type":"WebSite","@id":"https:\/\/novkabel.rs\/#website","url":"https:\/\/novkabel.rs\/","name":"Novkabel","description":"Bude deo novog biznis okru\u017eenja!","publisher":{"@id":"https:\/\/novkabel.rs\/#organization"},"alternateName":"Novkabel Novi Sad","potentialAction":[{"@type":"SearchAction","target":{"@type":"EntryPoint","urlTemplate":"https:\/\/novkabel.rs\/?s={search_term_string}"},"query-input":{"@type":"PropertyValueSpecification","valueRequired":true,"valueName":"search_term_string"}}],"inLanguage":"sr-RS"},{"@type":"Organization","@id":"https:\/\/novkabel.rs\/#organization","name":"Novkabel","alternateName":"Novkabel Novi Sad","url":"https:\/\/novkabel.rs\/","logo":{"@type":"ImageObject","inLanguage":"sr-RS","@id":"https:\/\/novkabel.rs\/#\/schema\/logo\/image\/","url":"https:\/\/novkabel.rs\/wp-content\/uploads\/2023\/07\/cropped-favicon.png","contentUrl":"https:\/\/novkabel.rs\/wp-content\/uploads\/2023\/07\/cropped-favicon.png","width":512,"height":512,"caption":"Novkabel"},"image":{"@id":"https:\/\/novkabel.rs\/#\/schema\/logo\/image\/"}}]}},"_links":{"self":[{"href":"https:\/\/novkabel.rs\/sr\/wp-json\/wp\/v2\/pages\/451","targetHints":{"allow":["GET"]}}],"collection":[{"href":"https:\/\/novkabel.rs\/sr\/wp-json\/wp\/v2\/pages"}],"about":[{"href":"https:\/\/novkabel.rs\/sr\/wp-json\/wp\/v2\/types\/page"}],"author":[{"embeddable":true,"href":"https:\/\/novkabel.rs\/sr\/wp-json\/wp\/v2\/users\/1"}],"replies":[{"embeddable":true,"href":"https:\/\/novkabel.rs\/sr\/wp-json\/wp\/v2\/comments?post=451"}],"version-history":[{"count":20,"href":"https:\/\/novkabel.rs\/sr\/wp-json\/wp\/v2\/pages\/451\/revisions"}],"predecessor-version":[{"id":598,"href":"https:\/\/novkabel.rs\/sr\/wp-json\/wp\/v2\/pages\/451\/revisions\/598"}],"wp:attachment":[{"href":"https:\/\/novkabel.rs\/sr\/wp-json\/wp\/v2\/media?parent=451"}],"curies":[{"name":"wp","href":"https:\/\/api.w.org\/{rel}","templated":true}]}}