
{"id":453,"date":"2023-07-02T17:48:46","date_gmt":"2023-07-02T17:48:46","guid":{"rendered":"https:\/\/novkabel.rs\/?page_id=453"},"modified":"2023-07-02T18:14:35","modified_gmt":"2023-07-02T18:14:35","slug":"mi-systems-group","status":"publish","type":"page","link":"https:\/\/novkabel.rs\/sr\/mi-systems-group\/","title":{"rendered":"M&#038;I Systems Group"},"content":{"rendered":"<div data-elementor-type=\"wp-page\" data-elementor-id=\"453\" class=\"elementor elementor-453\">\n\t\t\t\t\t\t<section class=\"elementor-section elementor-top-section elementor-element elementor-element-eaca907 elementor-section-boxed elementor-section-height-default elementor-section-height-default\" data-id=\"eaca907\" data-element_type=\"section\" data-e-type=\"section\">\n\t\t\t\t\t\t<div class=\"elementor-container elementor-column-gap-default\">\n\t\t\t\t\t<div class=\"elementor-column elementor-col-100 elementor-top-column elementor-element elementor-element-23bea4e\" data-id=\"23bea4e\" data-element_type=\"column\" data-e-type=\"column\">\n\t\t\t<div class=\"elementor-widget-wrap elementor-element-populated\">\n\t\t\t\t\t\t<div class=\"elementor-element elementor-element-f5d520c elementor-widget elementor-widget-text-editor\" data-id=\"f5d520c\" data-element_type=\"widget\" data-e-type=\"widget\" data-widget_type=\"text-editor.default\">\n\t\t\t\t<div class=\"elementor-widget-container\">\n\t\t\t\t\t\t\t\t\t<p>Objekat ERA je ponovo vra\u0107en u \u017eivote Novosa\u0111ana i IT industriju kao prvenac novog biznis okru\u017eenja.<\/p><p>Rekonstruisana zgrade Era, bruto povr\u0161ine 5.427,47m2, spratnost P+12, u kojoj se nalazi IT kompanija M&I Sistems Group.<\/p>\t\t\t\t\t\t\t\t<\/div>\n\t\t\t\t<\/div>\n\t\t\t\t\t<\/div>\n\t\t<\/div>\n\t\t\t\t\t<\/div>\n\t\t<\/section>\n\t\t\t\t<section class=\"elementor-section elementor-top-section elementor-element elementor-element-6225861 elementor-section-boxed elementor-section-height-default elementor-section-height-default\" data-id=\"6225861\" data-element_type=\"section\" data-e-type=\"section\">\n\t\t\t\t\t\t<div class=\"elementor-container elementor-column-gap-default\">\n\t\t\t\t\t<div class=\"elementor-column elementor-col-50 elementor-top-column elementor-element elementor-element-51693c6\" data-id=\"51693c6\" data-element_type=\"column\" data-e-type=\"column\">\n\t\t\t<div class=\"elementor-widget-wrap elementor-element-populated\">\n\t\t\t\t\t\t<div class=\"elementor-element elementor-element-89d1568 elementor-widget elementor-widget-image-carousel\" data-id=\"89d1568\" data-element_type=\"widget\" data-e-type=\"widget\" data-settings=\"{&quot;slides_to_show&quot;:&quot;1&quot;,&quot;navigation&quot;:&quot;none&quot;,&quot;autoplay&quot;:&quot;yes&quot;,&quot;pause_on_hover&quot;:&quot;yes&quot;,&quot;pause_on_interaction&quot;:&quot;yes&quot;,&quot;autoplay_speed&quot;:5000,&quot;infinite&quot;:&quot;yes&quot;,&quot;effect&quot;:&quot;slide&quot;,&quot;speed&quot;:500}\" data-widget_type=\"image-carousel.default\">\n\t\t\t\t<div class=\"elementor-widget-container\">\n\t\t\t\t\t\t\t<div class=\"elementor-image-carousel-wrapper swiper\" role=\"region\" aria-roledescription=\"carousel\" aria-label=\"\u0412\u0440\u0442\u0435\u0448\u043a\u0430 \u0441\u043b\u0438\u043a\u0430\" dir=\"ltr\">\n\t\t\t<div class=\"elementor-image-carousel swiper-wrapper\" aria-live=\"off\">\n\t\t\t\t\t\t\t\t<div class=\"swiper-slide\" role=\"group\" aria-roledescription=\"slide\" aria-label=\"1 of 4\" data-no-translation-aria-label=\"\"><figure class=\"swiper-slide-inner\"><img class=\"swiper-slide-image\" data-src=\"https:\/\/novkabel.rs\/wp-content\/uploads\/2023\/07\/mi2.png\" alt=\"mi2\" \/><\/figure><\/div><div class=\"swiper-slide\" role=\"group\" aria-roledescription=\"slide\" aria-label=\"2 of 4\" data-no-translation-aria-label=\"\"><figure class=\"swiper-slide-inner\"><img class=\"swiper-slide-image\" data-src=\"https:\/\/novkabel.rs\/wp-content\/uploads\/2023\/07\/mi1.png\" alt=\"mi1\" \/><\/figure><\/div><div class=\"swiper-slide\" role=\"group\" aria-roledescription=\"slide\" aria-label=\"3 of 4\" data-no-translation-aria-label=\"\"><figure class=\"swiper-slide-inner\"><img class=\"swiper-slide-image\" data-src=\"https:\/\/novkabel.rs\/wp-content\/uploads\/2023\/07\/mi3.png\" alt=\"mi3\" \/><\/figure><\/div><div class=\"swiper-slide\" role=\"group\" aria-roledescription=\"slide\" aria-label=\"4 of 4\" data-no-translation-aria-label=\"\"><figure class=\"swiper-slide-inner\"><img class=\"swiper-slide-image\" data-src=\"https:\/\/novkabel.rs\/wp-content\/uploads\/2023\/07\/mi4.png\" alt=\"mi4\" \/><\/figure><\/div>\t\t\t<\/div>\n\t\t\t\t\t\t\t\n\t\t\t\t\t\t\t\t\t<\/div>\n\t\t\t\t\t\t<\/div>\n\t\t\t\t<\/div>\n\t\t\t\t\t<\/div>\n\t\t<\/div>\n\t\t\t\t<div class=\"elementor-column elementor-col-50 elementor-top-column elementor-element elementor-element-d783047\" data-id=\"d783047\" data-element_type=\"column\" data-e-type=\"column\">\n\t\t\t<div class=\"elementor-widget-wrap elementor-element-populated\">\n\t\t\t\t\t\t<div class=\"elementor-element elementor-element-3422c2c elementor-arrows-position-inside elementor-pagination-position-outside elementor-widget elementor-widget-image-carousel\" data-id=\"3422c2c\" data-element_type=\"widget\" data-e-type=\"widget\" data-settings=\"{&quot;slides_to_show&quot;:&quot;1&quot;,&quot;navigation&quot;:&quot;both&quot;,&quot;autoplay&quot;:&quot;yes&quot;,&quot;pause_on_hover&quot;:&quot;yes&quot;,&quot;pause_on_interaction&quot;:&quot;yes&quot;,&quot;autoplay_speed&quot;:5000,&quot;infinite&quot;:&quot;yes&quot;,&quot;effect&quot;:&quot;slide&quot;,&quot;speed&quot;:500}\" data-widget_type=\"image-carousel.default\">\n\t\t\t\t<div class=\"elementor-widget-container\">\n\t\t\t\t\t\t\t<div class=\"elementor-image-carousel-wrapper swiper\" role=\"region\" aria-roledescription=\"carousel\" aria-label=\"\u0412\u0440\u0442\u0435\u0448\u043a\u0430 \u0441\u043b\u0438\u043a\u0430\" dir=\"ltr\">\n\t\t\t<div class=\"elementor-image-carousel swiper-wrapper\" aria-live=\"off\">\n\t\t\t\t\t\t\t\t<div class=\"swiper-slide\" role=\"group\" aria-roledescription=\"slide\" aria-label=\"1 of 1\" data-no-translation-aria-label=\"\"><figure class=\"swiper-slide-inner\"><img class=\"swiper-slide-image\" data-src=\"https:\/\/novkabel.rs\/wp-content\/uploads\/2023\/07\/miold.jpg\" alt=\"miold\" \/><\/figure><\/div>\t\t\t<\/div>\n\t\t\t\t\t<\/div>\n\t\t\t\t\t\t<\/div>\n\t\t\t\t<\/div>\n\t\t\t\t\t<\/div>\n\t\t<\/div>\n\t\t\t\t\t<\/div>\n\t\t<\/section>\n\t\t\t\t<\/div>","protected":false},"excerpt":{"rendered":"<p>Objekat ERA je ponovo vra\u0107en u \u017eivote Novosa\u0111ana i IT industriju kao prvenac novog biznis okru\u017eenja. Rekonstruisana zgrade Era, bruto povr\u0161ine 5.427,47m2, spratnost P+12, u kojoj se nalazi IT kompanija M&#038;I Sistems Group.<\/p>","protected":false},"author":1,"featured_media":0,"parent":0,"menu_order":0,"comment_status":"closed","ping_status":"closed","template":"","meta":{"footnotes":""},"class_list":["post-453","page","type-page","status-publish","hentry"],"yoast_head":"<!-- This site is optimized with the Yoast SEO plugin v27.5 - https:\/\/yoast.com\/product\/yoast-seo-wordpress\/ -->\n<title>M&amp;I Systems Group - Novkabel<\/title>\n<meta name=\"robots\" content=\"index, follow, max-snippet:-1, max-image-preview:large, max-video-preview:-1\" \/>\n<link rel=\"canonical\" href=\"https:\/\/novkabel.rs\/sr\/mi-systems-group\/\" \/>\n<meta property=\"og:locale\" content=\"sr_RS\" \/>\n<meta property=\"og:type\" content=\"article\" \/>\n<meta property=\"og:title\" content=\"M&amp;I Systems Group - Novkabel\" \/>\n<meta property=\"og:description\" content=\"Objekat ERA je ponovo vra\u0107en u \u017eivote Novosa\u0111ana i IT industriju kao prvenac novog biznis okru\u017eenja. Rekonstruisana zgrade Era, bruto povr\u0161ine 5.427,47m2, spratnost P+12, u kojoj se nalazi IT kompanija M&amp;I Sistems Group.\" \/>\n<meta property=\"og:url\" content=\"https:\/\/novkabel.rs\/sr\/mi-systems-group\/\" \/>\n<meta property=\"og:site_name\" content=\"Novkabel\" \/>\n<meta property=\"article:modified_time\" content=\"2023-07-02T18:14:35+00:00\" \/>\n<meta property=\"og:image\" content=\"https:\/\/novkabel.rs\/wp-content\/uploads\/2023\/07\/mi2.png\" \/>\n<meta name=\"twitter:card\" content=\"summary_large_image\" \/>\n<script type=\"application\/ld+json\" class=\"yoast-schema-graph\">{\"@context\":\"https:\\\/\\\/schema.org\",\"@graph\":[{\"@type\":\"WebPage\",\"@id\":\"https:\\\/\\\/novkabel.rs\\\/mi-systems-group\\\/\",\"url\":\"https:\\\/\\\/novkabel.rs\\\/mi-systems-group\\\/\",\"name\":\"M&I Systems Group - Novkabel\",\"isPartOf\":{\"@id\":\"https:\\\/\\\/novkabel.rs\\\/#website\"},\"primaryImageOfPage\":{\"@id\":\"https:\\\/\\\/novkabel.rs\\\/mi-systems-group\\\/#primaryimage\"},\"image\":{\"@id\":\"https:\\\/\\\/novkabel.rs\\\/mi-systems-group\\\/#primaryimage\"},\"thumbnailUrl\":\"https:\\\/\\\/novkabel.rs\\\/wp-content\\\/uploads\\\/2023\\\/07\\\/mi2.png\",\"datePublished\":\"2023-07-02T17:48:46+00:00\",\"dateModified\":\"2023-07-02T18:14:35+00:00\",\"breadcrumb\":{\"@id\":\"https:\\\/\\\/novkabel.rs\\\/mi-systems-group\\\/#breadcrumb\"},\"inLanguage\":\"sr-RS\",\"potentialAction\":[{\"@type\":\"ReadAction\",\"target\":[\"https:\\\/\\\/novkabel.rs\\\/mi-systems-group\\\/\"]}]},{\"@type\":\"ImageObject\",\"inLanguage\":\"sr-RS\",\"@id\":\"https:\\\/\\\/novkabel.rs\\\/mi-systems-group\\\/#primaryimage\",\"url\":\"https:\\\/\\\/novkabel.rs\\\/wp-content\\\/uploads\\\/2023\\\/07\\\/mi2.png\",\"contentUrl\":\"https:\\\/\\\/novkabel.rs\\\/wp-content\\\/uploads\\\/2023\\\/07\\\/mi2.png\"},{\"@type\":\"BreadcrumbList\",\"@id\":\"https:\\\/\\\/novkabel.rs\\\/mi-systems-group\\\/#breadcrumb\",\"itemListElement\":[{\"@type\":\"ListItem\",\"position\":1,\"name\":\"Home\",\"item\":\"https:\\\/\\\/novkabel.rs\\\/\"},{\"@type\":\"ListItem\",\"position\":2,\"name\":\"M&#038;I Systems Group\"}]},{\"@type\":\"WebSite\",\"@id\":\"https:\\\/\\\/novkabel.rs\\\/#website\",\"url\":\"https:\\\/\\\/novkabel.rs\\\/\",\"name\":\"Novkabel\",\"description\":\"Bude deo novog biznis okru\u017eenja!\",\"publisher\":{\"@id\":\"https:\\\/\\\/novkabel.rs\\\/#organization\"},\"alternateName\":\"Novkabel Novi Sad\",\"potentialAction\":[{\"@type\":\"SearchAction\",\"target\":{\"@type\":\"EntryPoint\",\"urlTemplate\":\"https:\\\/\\\/novkabel.rs\\\/?s={search_term_string}\"},\"query-input\":{\"@type\":\"PropertyValueSpecification\",\"valueRequired\":true,\"valueName\":\"search_term_string\"}}],\"inLanguage\":\"sr-RS\"},{\"@type\":\"Organization\",\"@id\":\"https:\\\/\\\/novkabel.rs\\\/#organization\",\"name\":\"Novkabel\",\"alternateName\":\"Novkabel Novi Sad\",\"url\":\"https:\\\/\\\/novkabel.rs\\\/\",\"logo\":{\"@type\":\"ImageObject\",\"inLanguage\":\"sr-RS\",\"@id\":\"https:\\\/\\\/novkabel.rs\\\/#\\\/schema\\\/logo\\\/image\\\/\",\"url\":\"https:\\\/\\\/novkabel.rs\\\/wp-content\\\/uploads\\\/2023\\\/07\\\/cropped-favicon.png\",\"contentUrl\":\"https:\\\/\\\/novkabel.rs\\\/wp-content\\\/uploads\\\/2023\\\/07\\\/cropped-favicon.png\",\"width\":512,\"height\":512,\"caption\":\"Novkabel\"},\"image\":{\"@id\":\"https:\\\/\\\/novkabel.rs\\\/#\\\/schema\\\/logo\\\/image\\\/\"}}]}<\/script>\n<!-- \/ Yoast SEO plugin. -->","yoast_head_json":{"title":"M&I Systems Group - Novkabel","robots":{"index":"index","follow":"follow","max-snippet":"max-snippet:-1","max-image-preview":"max-image-preview:large","max-video-preview":"max-video-preview:-1"},"canonical":"https:\/\/novkabel.rs\/sr\/mi-systems-group\/","og_locale":"sr_RS","og_type":"article","og_title":"M&I Systems Group - Novkabel","og_description":"Objekat ERA je ponovo vra\u0107en u \u017eivote Novosa\u0111ana i IT industriju kao prvenac novog biznis okru\u017eenja. Rekonstruisana zgrade Era, bruto povr\u0161ine 5.427,47m2, spratnost P+12, u kojoj se nalazi IT kompanija M&I Sistems Group.","og_url":"https:\/\/novkabel.rs\/sr\/mi-systems-group\/","og_site_name":"Novkabel","article_modified_time":"2023-07-02T18:14:35+00:00","og_image":[{"url":"https:\/\/novkabel.rs\/wp-content\/uploads\/2023\/07\/mi2.png","type":"","width":"","height":""}],"twitter_card":"summary_large_image","schema":{"@context":"https:\/\/schema.org","@graph":[{"@type":"WebPage","@id":"https:\/\/novkabel.rs\/mi-systems-group\/","url":"https:\/\/novkabel.rs\/mi-systems-group\/","name":"M&I Systems Group - Novkabel","isPartOf":{"@id":"https:\/\/novkabel.rs\/#website"},"primaryImageOfPage":{"@id":"https:\/\/novkabel.rs\/mi-systems-group\/#primaryimage"},"image":{"@id":"https:\/\/novkabel.rs\/mi-systems-group\/#primaryimage"},"thumbnailUrl":"https:\/\/novkabel.rs\/wp-content\/uploads\/2023\/07\/mi2.png","datePublished":"2023-07-02T17:48:46+00:00","dateModified":"2023-07-02T18:14:35+00:00","breadcrumb":{"@id":"https:\/\/novkabel.rs\/mi-systems-group\/#breadcrumb"},"inLanguage":"sr-RS","potentialAction":[{"@type":"ReadAction","target":["https:\/\/novkabel.rs\/mi-systems-group\/"]}]},{"@type":"ImageObject","inLanguage":"sr-RS","@id":"https:\/\/novkabel.rs\/mi-systems-group\/#primaryimage","url":"https:\/\/novkabel.rs\/wp-content\/uploads\/2023\/07\/mi2.png","contentUrl":"https:\/\/novkabel.rs\/wp-content\/uploads\/2023\/07\/mi2.png"},{"@type":"BreadcrumbList","@id":"https:\/\/novkabel.rs\/mi-systems-group\/#breadcrumb","itemListElement":[{"@type":"ListItem","position":1,"name":"Home","item":"https:\/\/novkabel.rs\/"},{"@type":"ListItem","position":2,"name":"M&#038;I Systems Group"}]},{"@type":"WebSite","@id":"https:\/\/novkabel.rs\/#website","url":"https:\/\/novkabel.rs\/","name":"Novkabel","description":"Bude deo novog biznis okru\u017eenja!","publisher":{"@id":"https:\/\/novkabel.rs\/#organization"},"alternateName":"Novkabel Novi Sad","potentialAction":[{"@type":"SearchAction","target":{"@type":"EntryPoint","urlTemplate":"https:\/\/novkabel.rs\/?s={search_term_string}"},"query-input":{"@type":"PropertyValueSpecification","valueRequired":true,"valueName":"search_term_string"}}],"inLanguage":"sr-RS"},{"@type":"Organization","@id":"https:\/\/novkabel.rs\/#organization","name":"Novkabel","alternateName":"Novkabel Novi Sad","url":"https:\/\/novkabel.rs\/","logo":{"@type":"ImageObject","inLanguage":"sr-RS","@id":"https:\/\/novkabel.rs\/#\/schema\/logo\/image\/","url":"https:\/\/novkabel.rs\/wp-content\/uploads\/2023\/07\/cropped-favicon.png","contentUrl":"https:\/\/novkabel.rs\/wp-content\/uploads\/2023\/07\/cropped-favicon.png","width":512,"height":512,"caption":"Novkabel"},"image":{"@id":"https:\/\/novkabel.rs\/#\/schema\/logo\/image\/"}}]}},"_links":{"self":[{"href":"https:\/\/novkabel.rs\/sr\/wp-json\/wp\/v2\/pages\/453","targetHints":{"allow":["GET"]}}],"collection":[{"href":"https:\/\/novkabel.rs\/sr\/wp-json\/wp\/v2\/pages"}],"about":[{"href":"https:\/\/novkabel.rs\/sr\/wp-json\/wp\/v2\/types\/page"}],"author":[{"embeddable":true,"href":"https:\/\/novkabel.rs\/sr\/wp-json\/wp\/v2\/users\/1"}],"replies":[{"embeddable":true,"href":"https:\/\/novkabel.rs\/sr\/wp-json\/wp\/v2\/comments?post=453"}],"version-history":[{"count":16,"href":"https:\/\/novkabel.rs\/sr\/wp-json\/wp\/v2\/pages\/453\/revisions"}],"predecessor-version":[{"id":519,"href":"https:\/\/novkabel.rs\/sr\/wp-json\/wp\/v2\/pages\/453\/revisions\/519"}],"wp:attachment":[{"href":"https:\/\/novkabel.rs\/sr\/wp-json\/wp\/v2\/media?parent=453"}],"curies":[{"name":"wp","href":"https:\/\/api.w.org\/{rel}","templated":true}]}}